{"id":1541,"date":"2021-07-29T09:49:14","date_gmt":"2021-07-29T09:49:14","guid":{"rendered":"https:\/\/radu-law.ro\/?page_id=1541"},"modified":"2024-03-07T12:16:55","modified_gmt":"2024-03-07T12:16:55","slug":"despre-cabinet","status":"publish","type":"page","link":"https:\/\/radu-law.ro\/en\/despre-cabinet\/","title":{"rendered":"About us"},"content":{"rendered":"<div data-elementor-type=\"wp-page\" data-elementor-id=\"1541\" class=\"elementor elementor-1541\" data-elementor-post-type=\"page\">\n\t\t\t\t\t\t\t\t\t<section class=\"elementor-section elementor-top-section elementor-element elementor-element-170c97d elementor-section-boxed elementor-section-height-default elementor-section-height-default\" data-id=\"170c97d\" data-element_type=\"section\" data-settings=\"{&quot;background_background&quot;:&quot;classic&quot;}\">\n\t\t\t\t\t\t\t<div class=\"elementor-background-overlay\"><\/div>\n\t\t\t\t\t\t\t<div class=\"elementor-container elementor-column-gap-default\">\n\t\t\t\t\t<div class=\"elementor-column elementor-col-100 elementor-top-column elementor-element elementor-element-0b00b0f\" data-id=\"0b00b0f\" data-element_type=\"column\">\n\t\t\t<div class=\"elementor-widget-wrap elementor-element-populated\">\n\t\t\t\t\t\t\t\t<div class=\"elementor-element elementor-element-234df76 elementor-invisible elementor-widget elementor-widget-heading\" data-id=\"234df76\" data-element_type=\"widget\" data-settings=\"{&quot;_animation&quot;:&quot;fadeInDown&quot;}\" data-widget_type=\"heading.default\">\n\t\t\t\t<div class=\"elementor-widget-container\">\n\t\t\t<h2 class=\"elementor-heading-title elementor-size-default\">Despre Casa de Avocatur\u0103<\/h2>\t\t<\/div>\n\t\t\t\t<\/div>\n\t\t\t\t\t<\/div>\n\t\t<\/div>\n\t\t\t\t\t\t\t<\/div>\n\t\t<\/section>\n\t\t\t\t<section class=\"elementor-section elementor-top-section elementor-element elementor-element-c649260 elementor-section-boxed elementor-section-height-default elementor-section-height-default\" data-id=\"c649260\" data-element_type=\"section\">\n\t\t\t\t\t\t<div class=\"elementor-container elementor-column-gap-default\">\n\t\t\t\t\t<div class=\"elementor-column elementor-col-50 elementor-top-column elementor-element elementor-element-ce71487\" data-id=\"ce71487\" data-element_type=\"column\">\n\t\t\t<div class=\"elementor-widget-wrap elementor-element-populated\">\n\t\t\t\t\t\t\t\t<div class=\"elementor-element elementor-element-1e3391c elementor-drop-cap-yes elementor-drop-cap-view-framed elementor-widget elementor-widget-text-editor\" data-id=\"1e3391c\" data-element_type=\"widget\" data-settings=\"{&quot;drop_cap&quot;:&quot;yes&quot;}\" data-widget_type=\"text-editor.default\">\n\t\t\t\t<div class=\"elementor-widget-container\">\n\t\t\t\t\t\t\t<p>Prin serviciile de avocatur\u0103 oferite de\u00a0 Casa noastr\u0103 de Avocatur\u0103, ne dorim s\u0103-i oferim problemei tale o rezolvare. Cu strategii adaptate situa\u021biei tale, la Casa de Avocatur\u0103 Radu Stefania-Laura te putem ajuta cu asisten\u021b\u0103 juridic\u0103 \u00een domenii precum drept civil, drept societar, drept comercial, dreptul muncii, drept imobiliar, execut\u0103ri silite, dreptul familiei, GDPR, taxe, cet\u0103\u021benie \u0219i vize, drept administrativ, drept penal \u0219i proprietate intelectual\u0103.<\/p><p>Ne desf\u0103\u0219ur\u0103m activitatea din pasiune pentru domeniul juridic, de mai bine de 15 ani, av\u00e2nd toate resursele necesare asigur\u0103rii reu\u0219itei tale. Clien\u021bii no\u0219tri sunt persoane fizice \u0219i persoane juridice ce se bazeaz\u0103 pe expertiza, profesionalismul \u0219i experien\u021ba noastr\u0103 \u00een diverse domenii de activitate care ofer\u0103 rezultate fiec\u0103rui caz \u00een parte, indiferent de dimensiunea \u0219i complexitatea problemei juridice.<\/p>\t\t\t\t\t\t<\/div>\n\t\t\t\t<\/div>\n\t\t\t\t\t<\/div>\n\t\t<\/div>\n\t\t\t\t<div class=\"elementor-column elementor-col-50 elementor-top-column elementor-element elementor-element-a983bb4\" data-id=\"a983bb4\" data-element_type=\"column\">\n\t\t\t<div class=\"elementor-widget-wrap elementor-element-populated\">\n\t\t\t\t\t\t\t\t<div class=\"elementor-element elementor-element-3d285ae elementor-widget elementor-widget-image\" data-id=\"3d285ae\" data-element_type=\"widget\" data-widget_type=\"image.default\">\n\t\t\t\t<div class=\"elementor-widget-container\">\n\t\t\t\t\t\t\t\t\t\t\t\t\t\t\t<img fetchpriority=\"high\" decoding=\"async\" width=\"1024\" height=\"768\" src=\"https:\/\/radu-law.ro\/wp-content\/uploads\/2021\/07\/romain-dancre-doplSDELX7E-unsplash-1024x768.jpg\" class=\"attachment-large size-large wp-image-1546\" alt=\"\" srcset=\"https:\/\/radu-law.ro\/wp-content\/uploads\/2021\/07\/romain-dancre-doplSDELX7E-unsplash-1024x768.jpg 1024w, https:\/\/radu-law.ro\/wp-content\/uploads\/2021\/07\/romain-dancre-doplSDELX7E-unsplash-300x225.jpg 300w, https:\/\/radu-law.ro\/wp-content\/uploads\/2021\/07\/romain-dancre-doplSDELX7E-unsplash-768x576.jpg 768w, https:\/\/radu-law.ro\/wp-content\/uploads\/2021\/07\/romain-dancre-doplSDELX7E-unsplash-1536x1152.jpg 1536w, https:\/\/radu-law.ro\/wp-content\/uploads\/2021\/07\/romain-dancre-doplSDELX7E-unsplash-2048x1536.jpg 2048w\" sizes=\"(max-width: 1024px) 100vw, 1024px\" \/>\t\t\t\t\t\t\t\t\t\t\t\t\t\t\t<\/div>\n\t\t\t\t<\/div>\n\t\t\t\t\t<\/div>\n\t\t<\/div>\n\t\t\t\t\t\t\t<\/div>\n\t\t<\/section>\n\t\t\t\t\t\t\t<\/div>","protected":false},"excerpt":{"rendered":"<p>Despre Casa de Avocatur\u0103 Prin serviciile de avocatur\u0103 oferite de\u00a0 Casa noastr\u0103 de Avocatur\u0103, ne dorim s\u0103-i oferim problemei tale o rezolvare. Cu strategii adaptate situa\u021biei tale, la Casa de Avocatur\u0103 Radu Stefania-Laura te putem ajuta cu asisten\u021b\u0103 juridic\u0103 \u00een domenii precum drept civil, drept societar, drept comercial, dreptul muncii, drept imobiliar, execut\u0103ri silite, dreptul [&hellip;]<\/p>","protected":false},"author":1,"featured_media":0,"parent":0,"menu_order":0,"comment_status":"closed","ping_status":"closed","template":"","meta":{"site-sidebar-layout":"no-sidebar","site-content-layout":"page-builder","ast-site-content-layout":"","site-content-style":"default","site-sidebar-style":"default","ast-global-header-display":"","ast-banner-title-visibility":"","ast-main-header-display":"","ast-hfb-above-header-display":"","ast-hfb-below-header-display":"","ast-hfb-mobile-header-display":"","site-post-title":"disabled","ast-breadcrumbs-content":"disabled","ast-featured-img":"disabled","footer-sml-layout":"","theme-transparent-header-meta":"enabled","adv-header-id-meta":"","stick-header-meta":"","header-above-stick-meta":"","header-main-stick-meta":"","header-below-stick-meta":"","astra-migrate-meta-layouts":"default","ast-page-background-enabled":"default","ast-page-background-meta":{"desktop":{"background-color":"","background-image":"","background-repeat":"repeat","background-position":"center center","background-size":"auto","background-attachment":"scroll","background-type":"","background-media":"","overlay-type":"","overlay-color":"","overlay-gradient":""},"tablet":{"background-color":"","background-image":"","background-repeat":"repeat","background-position":"center center","background-size":"auto","background-attachment":"scroll","background-type":"","background-media":"","overlay-type":"","overlay-color":"","overlay-gradient":""},"mobile":{"background-color":"","background-image":"","background-repeat":"repeat","background-position":"center center","background-size":"auto","background-attachment":"scroll","background-type":"","background-media":"","overlay-type":"","overlay-color":"","overlay-gradient":""}},"ast-content-background-meta":{"desktop":{"background-color":"var(--ast-global-color-5)","background-image":"","background-repeat":"repeat","background-position":"center center","background-size":"auto","background-attachment":"scroll","background-type":"","background-media":"","overlay-type":"","overlay-color":"","overlay-gradient":""},"tablet":{"background-color":"var(--ast-global-color-5)","background-image":"","background-repeat":"repeat","background-position":"center center","background-size":"auto","background-attachment":"scroll","background-type":"","background-media":"","overlay-type":"","overlay-color":"","overlay-gradient":""},"mobile":{"background-color":"var(--ast-global-color-5)","background-image":"","background-repeat":"repeat","background-position":"center center","background-size":"auto","background-attachment":"scroll","background-type":"","background-media":"","overlay-type":"","overlay-color":"","overlay-gradient":""}},"footnotes":""},"class_list":["post-1541","page","type-page","status-publish","hentry"],"_links":{"self":[{"href":"https:\/\/radu-law.ro\/en\/wp-json\/wp\/v2\/pages\/1541","targetHints":{"allow":["GET"]}}],"collection":[{"href":"https:\/\/radu-law.ro\/en\/wp-json\/wp\/v2\/pages"}],"about":[{"href":"https:\/\/radu-law.ro\/en\/wp-json\/wp\/v2\/types\/page"}],"author":[{"embeddable":true,"href":"https:\/\/radu-law.ro\/en\/wp-json\/wp\/v2\/users\/1"}],"replies":[{"embeddable":true,"href":"https:\/\/radu-law.ro\/en\/wp-json\/wp\/v2\/comments?post=1541"}],"version-history":[{"count":44,"href":"https:\/\/radu-law.ro\/en\/wp-json\/wp\/v2\/pages\/1541\/revisions"}],"predecessor-version":[{"id":1856,"href":"https:\/\/radu-law.ro\/en\/wp-json\/wp\/v2\/pages\/1541\/revisions\/1856"}],"wp:attachment":[{"href":"https:\/\/radu-law.ro\/en\/wp-json\/wp\/v2\/media?parent=1541"}],"curies":[{"name":"wp","href":"https:\/\/api.w.org\/{rel}","templated":true}]}}